{"id":747,"date":"2023-04-07T08:47:42","date_gmt":"2023-04-07T08:47:42","guid":{"rendered":"https:\/\/demosites.royal-elementor-addons.com\/digitalagency-v3\/?page_id=8"},"modified":"2024-09-15T07:26:07","modified_gmt":"2024-09-15T07:26:07","slug":"a-propos","status":"publish","type":"page","link":"https:\/\/toniciptv.com\/nl\/a-propos\/","title":{"rendered":"Over ons"},"content":{"rendered":"<div data-elementor-type=\"wp-page\" data-elementor-id=\"747\" class=\"elementor elementor-747\">\n\t\t\t\t\t\t<section class=\"elementor-section elementor-top-section elementor-element elementor-element-eaff33e elementor-section-boxed elementor-section-height-default elementor-section-height-default wpr-particle-no wpr-jarallax-no wpr-sticky-section-no\" data-id=\"eaff33e\" data-element_type=\"section\" data-e-type=\"section\" data-settings=\"{&quot;background_background&quot;:&quot;gradient&quot;}\">\n\t\t\t\t\t\t\t<div class=\"elementor-background-overlay\"><\/div>\n\t\t\t\t\t\t\t<div class=\"elementor-container elementor-column-gap-default\">\n\t\t\t\t\t<div class=\"elementor-column elementor-col-100 elementor-top-column elementor-element elementor-element-c932e84\" data-id=\"c932e84\" data-element_type=\"column\" data-e-type=\"column\">\n\t\t\t<div class=\"elementor-widget-wrap elementor-element-populated\">\n\t\t\t\t\t\t<div class=\"elementor-element elementor-element-c83b07e elementor-widget elementor-widget-heading\" data-id=\"c83b07e\" data-element_type=\"widget\" data-e-type=\"widget\" data-widget_type=\"heading.default\">\n\t\t\t\t<div class=\"elementor-widget-container\">\n\t\t\t\t\t<h2 class=\"elementor-heading-title elementor-size-default\">Over ons<\/h2>\t\t\t\t<\/div>\n\t\t\t\t<\/div>\n\t\t\t\t<div class=\"elementor-element elementor-element-7be8413 elementor-widget elementor-widget-text-editor\" data-id=\"7be8413\" data-element_type=\"widget\" data-e-type=\"widget\" data-widget_type=\"text-editor.default\">\n\t\t\t\t<div class=\"elementor-widget-container\">\n\t\t\t\t\t\t\t\t\t<p><a href=\"https:\/\/toniciptv.com\/nl\/abonnement-iptv\/\"><strong>Welkom<\/strong><\/a> - Over ons<\/p>\t\t\t\t\t\t\t\t<\/div>\n\t\t\t\t<\/div>\n\t\t\t\t\t<\/div>\n\t\t<\/div>\n\t\t\t\t\t<\/div>\n\t\t<\/section>\n\t\t\t\t<section class=\"elementor-section elementor-top-section elementor-element elementor-element-2994d8d elementor-section-boxed elementor-section-height-default elementor-section-height-default wpr-particle-no wpr-jarallax-no wpr-parallax-no wpr-sticky-section-no\" data-id=\"2994d8d\" data-element_type=\"section\" data-e-type=\"section\">\n\t\t\t\t\t\t<div class=\"elementor-container elementor-column-gap-default\">\n\t\t\t\t\t<div class=\"elementor-column elementor-col-16 elementor-top-column elementor-element elementor-element-07fbb1c\" data-id=\"07fbb1c\" data-element_type=\"column\" data-e-type=\"column\">\n\t\t\t<div class=\"elementor-widget-wrap\">\n\t\t\t\t\t\t\t<\/div>\n\t\t<\/div>\n\t\t\t\t<div class=\"elementor-column elementor-col-66 elementor-top-column elementor-element elementor-element-6196f63\" data-id=\"6196f63\" data-element_type=\"column\" data-e-type=\"column\">\n\t\t\t<div class=\"elementor-widget-wrap elementor-element-populated\">\n\t\t\t\t\t\t<div class=\"elementor-element elementor-element-d7a16ca elementor-widget elementor-widget-spacer\" data-id=\"d7a16ca\" data-element_type=\"widget\" data-e-type=\"widget\" data-widget_type=\"spacer.default\">\n\t\t\t\t<div class=\"elementor-widget-container\">\n\t\t\t\t\t\t\t<div class=\"elementor-spacer\">\n\t\t\t<div class=\"elementor-spacer-inner\"><\/div>\n\t\t<\/div>\n\t\t\t\t\t\t<\/div>\n\t\t\t\t<\/div>\n\t\t\t\t<div class=\"elementor-element elementor-element-a32f2a3 elementor-widget elementor-widget-text-editor\" data-id=\"a32f2a3\" data-element_type=\"widget\" data-e-type=\"widget\" data-widget_type=\"text-editor.default\">\n\t\t\t\t<div class=\"elementor-widget-container\">\n\t\t\t\t\t\t\t\t\t<p>Welkom bij Tonic IPTV, uw belangrijkste aanbieder van IPTV-oplossingen. Sinds onze lancering is onze missie eenvoudig geweest: onze gebruikers eenvoudige, betrouwbare en kwalitatieve toegang bieden tot een breed scala aan tv-kanalen en streaming-inhoud, waar ook ter wereld.<\/p>\t\t\t\t\t\t\t\t<\/div>\n\t\t\t\t<\/div>\n\t\t\t\t\t<\/div>\n\t\t<\/div>\n\t\t\t\t<div class=\"elementor-column elementor-col-16 elementor-top-column elementor-element elementor-element-97b0f20\" data-id=\"97b0f20\" data-element_type=\"column\" data-e-type=\"column\">\n\t\t\t<div class=\"elementor-widget-wrap\">\n\t\t\t\t\t\t\t<\/div>\n\t\t<\/div>\n\t\t\t\t\t<\/div>\n\t\t<\/section>\n\t\t\t\t<section class=\"elementor-section elementor-top-section elementor-element elementor-element-97e2d39 elementor-section-boxed elementor-section-height-default elementor-section-height-default wpr-particle-no wpr-jarallax-no wpr-parallax-no wpr-sticky-section-no\" data-id=\"97e2d39\" data-element_type=\"section\" data-e-type=\"section\">\n\t\t\t\t\t\t<div class=\"elementor-container elementor-column-gap-wide\">\n\t\t\t\t\t<div class=\"elementor-column elementor-col-50 elementor-top-column elementor-element elementor-element-b09a974\" data-id=\"b09a974\" data-element_type=\"column\" data-e-type=\"column\">\n\t\t\t<div class=\"elementor-widget-wrap elementor-element-populated\">\n\t\t\t\t\t\t<div class=\"elementor-element elementor-element-678f2e8 elementor-widget elementor-widget-image\" data-id=\"678f2e8\" data-element_type=\"widget\" data-e-type=\"widget\" data-widget_type=\"image.default\">\n\t\t\t\t<div class=\"elementor-widget-container\">\n\t\t\t\t\t\t\t\t\t\t\t\t\t\t\t<img fetchpriority=\"high\" decoding=\"async\" width=\"960\" height=\"640\" src=\"https:\/\/toniciptv.com\/wp-content\/uploads\/2023\/06\/man-choosing-movie-for-streaming-on-tablet-1024x683.jpg\" class=\"attachment-large size-large wp-image-37\" alt=\"\" srcset=\"https:\/\/toniciptv.com\/wp-content\/uploads\/2023\/06\/man-choosing-movie-for-streaming-on-tablet-1024x683.jpg 1024w, https:\/\/toniciptv.com\/wp-content\/uploads\/2023\/06\/man-choosing-movie-for-streaming-on-tablet-300x200.jpg 300w, https:\/\/toniciptv.com\/wp-content\/uploads\/2023\/06\/man-choosing-movie-for-streaming-on-tablet-768x512.jpg 768w, https:\/\/toniciptv.com\/wp-content\/uploads\/2023\/06\/man-choosing-movie-for-streaming-on-tablet-1536x1025.jpg 1536w, https:\/\/toniciptv.com\/wp-content\/uploads\/2023\/06\/man-choosing-movie-for-streaming-on-tablet.jpg 2000w\" sizes=\"(max-width: 960px) 100vw, 960px\" \/>\t\t\t\t\t\t\t\t\t\t\t\t\t\t\t<\/div>\n\t\t\t\t<\/div>\n\t\t\t\t\t<\/div>\n\t\t<\/div>\n\t\t\t\t<div class=\"elementor-column elementor-col-50 elementor-top-column elementor-element elementor-element-2d358bf\" data-id=\"2d358bf\" data-element_type=\"column\" data-e-type=\"column\">\n\t\t\t<div class=\"elementor-widget-wrap elementor-element-populated\">\n\t\t\t\t\t\t<div class=\"elementor-element elementor-element-a1e23e5 elementor-widget elementor-widget-heading\" data-id=\"a1e23e5\" data-element_type=\"widget\" data-e-type=\"widget\" data-widget_type=\"heading.default\">\n\t\t\t\t<div class=\"elementor-widget-container\">\n\t\t\t\t\t<h2 class=\"elementor-heading-title elementor-size-default\">Waarom kiezen voor Tonic IPTV?<\/h2>\t\t\t\t<\/div>\n\t\t\t\t<\/div>\n\t\t\t\t<div class=\"elementor-element elementor-element-2e0667b wpr-feature-list-left wpr-feature-list-square wpr-feature-list-line-yes elementor-widget elementor-widget-wpr-feature-list\" data-id=\"2e0667b\" data-element_type=\"widget\" data-e-type=\"widget\" data-widget_type=\"wpr-feature-list.default\">\n\t\t\t\t<div class=\"elementor-widget-container\">\n\t\t\t\t\t<div class=\"wpr-feature-list-wrap\"><ul class=\"wpr-feature-list\"><li class=\"wpr-feature-list-item elementor-repeater-item-c7e72ad\"><div class=\"wpr-feature-list-icon-wrap\"><span class=\"wpr-feature-list-line\"><\/span><div class=\"wpr-feature-list-icon-inner-wrap\"><i aria-hidden=\"true\" class=\"fas fa-hand-point-right\"><\/i><\/div><\/div><div class=\"wpr-feature-list-content-wrap\"><h2 class=\"wpr-feature-list-title\"><a class=\"wpr-feature-list-url\" target=\"_blank\" rel=\"nofollow\">Brede selectie aan inhoud:<\/a><\/h2><p class=\"wpr-feature-list-description\">Van livekanalen tot films op aanvraag: wij voorzien in al uw entertainmentbehoeften.<\/p><\/div><\/li><li class=\"wpr-feature-list-item elementor-repeater-item-1d535be\"><div class=\"wpr-feature-list-icon-wrap\"><span class=\"wpr-feature-list-line\"><\/span><div class=\"wpr-feature-list-icon-inner-wrap\"><i aria-hidden=\"true\" class=\"fas fa-hand-point-right\"><\/i><\/div><\/div><div class=\"wpr-feature-list-content-wrap\"><h2 class=\"wpr-feature-list-title\"><a class=\"wpr-feature-list-url\" target=\"_blank\" rel=\"nofollow\">HD-kwaliteit en betrouwbaarheid:<\/a><\/h2><p class=\"wpr-feature-list-description\">Geniet van ononderbroken streaming met high-definition beeldkwaliteit.<\/p><\/div><\/li><li class=\"wpr-feature-list-item elementor-repeater-item-f664ce5\"><div class=\"wpr-feature-list-icon-wrap\"><span class=\"wpr-feature-list-line\"><\/span><div class=\"wpr-feature-list-icon-inner-wrap\"><i aria-hidden=\"true\" class=\"fas fa-hand-point-right\"><\/i><\/div><\/div><div class=\"wpr-feature-list-content-wrap\"><h2 class=\"wpr-feature-list-title\"><a class=\"wpr-feature-list-url\" target=\"_blank\" rel=\"nofollow\">Toegewijde klantenondersteuning:<\/a><\/h2><p class=\"wpr-feature-list-description\">Ons team staat klaar om u bij elke stap te helpen, of het nu gaat om de installatie, het beheren van uw abonnement of eventuele technische vragen.<\/p><\/div><\/li><\/ul><\/div>\t\t\t\t<\/div>\n\t\t\t\t<\/div>\n\t\t\t\t\t<\/div>\n\t\t<\/div>\n\t\t\t\t\t<\/div>\n\t\t<\/section>\n\t\t\t\t<section class=\"elementor-section elementor-top-section elementor-element elementor-element-ab0aaff elementor-section-boxed elementor-section-height-default elementor-section-height-default wpr-particle-no wpr-jarallax-no wpr-parallax-no wpr-sticky-section-no\" data-id=\"ab0aaff\" data-element_type=\"section\" data-e-type=\"section\" data-settings=\"{&quot;background_background&quot;:&quot;classic&quot;}\">\n\t\t\t\t\t\t<div class=\"elementor-container elementor-column-gap-default\">\n\t\t\t\t\t<div class=\"elementor-column elementor-col-100 elementor-top-column elementor-element elementor-element-8360c3e\" data-id=\"8360c3e\" data-element_type=\"column\" data-e-type=\"column\">\n\t\t\t<div class=\"elementor-widget-wrap elementor-element-populated\">\n\t\t\t\t\t\t<div class=\"elementor-element elementor-element-be5c9f2 elementor-widget elementor-widget-heading\" data-id=\"be5c9f2\" data-element_type=\"widget\" data-e-type=\"widget\" data-widget_type=\"heading.default\">\n\t\t\t\t<div class=\"elementor-widget-container\">\n\t\t\t\t\t<h2 class=\"elementor-heading-title elementor-size-default\">Onze visie<\/h2>\t\t\t\t<\/div>\n\t\t\t\t<\/div>\n\t\t\t\t<div class=\"elementor-element elementor-element-799d2f0 elementor-widget elementor-widget-text-editor\" data-id=\"799d2f0\" data-element_type=\"widget\" data-e-type=\"widget\" data-widget_type=\"text-editor.default\">\n\t\t\t\t<div class=\"elementor-widget-container\">\n\t\t\t\t\t\t\t\t\t<p>Wij geloven in een moderne entertainmentervaring, waarbij keuzevrijheid en gebruiksgemak centraal staan. Met Tonic IPTV heeft u toegang tot uw favoriete programma&#039;s zonder gedoe met dure abonnementen of ingewikkelde installaties.v<\/p>\t\t\t\t\t\t\t\t<\/div>\n\t\t\t\t<\/div>\n\t\t\t\t\t<\/div>\n\t\t<\/div>\n\t\t\t\t\t<\/div>\n\t\t<\/section>\n\t\t\t\t<section class=\"elementor-section elementor-top-section elementor-element elementor-element-030f4f6 elementor-section-boxed elementor-section-height-default elementor-section-height-default wpr-particle-no wpr-jarallax-no wpr-parallax-no wpr-sticky-section-no\" data-id=\"030f4f6\" data-element_type=\"section\" data-e-type=\"section\" data-settings=\"{&quot;background_background&quot;:&quot;classic&quot;}\">\n\t\t\t\t\t\t<div class=\"elementor-container elementor-column-gap-default\">\n\t\t\t\t\t<div class=\"elementor-column elementor-col-100 elementor-top-column elementor-element elementor-element-11fa76c\" data-id=\"11fa76c\" data-element_type=\"column\" data-e-type=\"column\">\n\t\t\t<div class=\"elementor-widget-wrap elementor-element-populated\">\n\t\t\t\t\t\t<div class=\"elementor-element elementor-element-b255db4 elementor-widget elementor-widget-heading\" data-id=\"b255db4\" data-element_type=\"widget\" data-e-type=\"widget\" data-widget_type=\"heading.default\">\n\t\t\t\t<div class=\"elementor-widget-container\">\n\t\t\t\t\t<h2 class=\"elementor-heading-title elementor-size-default\">Onze inzet<\/h2>\t\t\t\t<\/div>\n\t\t\t\t<\/div>\n\t\t\t\t<div class=\"elementor-element elementor-element-eb118c9 elementor-widget elementor-widget-text-editor\" data-id=\"eb118c9\" data-element_type=\"widget\" data-e-type=\"widget\" data-widget_type=\"text-editor.default\">\n\t\t\t\t<div class=\"elementor-widget-container\">\n\t\t\t\t\t\t\t\t\t<p>Bij Tonic IPTV zijn we trots op het leveren van kwaliteitsservice met respect voor de veiligheids- en vertrouwelijkheidsnormen. Onze oplossingen zijn ontworpen om een naadloze gebruikerservaring te bieden, of u nu een televisie, computer of mobiel apparaat gebruikt.<\/p>\t\t\t\t\t\t\t\t<\/div>\n\t\t\t\t<\/div>\n\t\t\t\t\t<\/div>\n\t\t<\/div>\n\t\t\t\t\t<\/div>\n\t\t<\/section>\n\t\t\t\t<section class=\"elementor-section elementor-top-section elementor-element elementor-element-a173e45 elementor-section-boxed elementor-section-height-default elementor-section-height-default wpr-particle-no wpr-jarallax-no wpr-parallax-no wpr-sticky-section-no\" data-id=\"a173e45\" data-element_type=\"section\" data-e-type=\"section\">\n\t\t\t\t\t\t<div class=\"elementor-container elementor-column-gap-default\">\n\t\t\t\t\t<div class=\"elementor-column elementor-col-100 elementor-top-column elementor-element elementor-element-de6e462\" data-id=\"de6e462\" data-element_type=\"column\" data-e-type=\"column\">\n\t\t\t<div class=\"elementor-widget-wrap elementor-element-populated\">\n\t\t\t\t\t\t<div class=\"elementor-element elementor-element-58724be elementor-widget-divider--view-line elementor-widget elementor-widget-divider\" data-id=\"58724be\" data-element_type=\"widget\" data-e-type=\"widget\" data-widget_type=\"divider.default\">\n\t\t\t\t<div class=\"elementor-widget-container\">\n\t\t\t\t\t\t\t<div class=\"elementor-divider\">\n\t\t\t<span class=\"elementor-divider-separator\">\n\t\t\t\t\t\t<\/span>\n\t\t<\/div>\n\t\t\t\t\t\t<\/div>\n\t\t\t\t<\/div>\n\t\t\t\t\t<\/div>\n\t\t<\/div>\n\t\t\t\t\t<\/div>\n\t\t<\/section>\n\t\t\t\t<\/div>","protected":false},"excerpt":{"rendered":"<p>Over ons Home \u2013 Over ons Welkom bij Tonic IPTV, uw belangrijkste leverancier van IPTV-oplossingen. Sinds onze lancering is onze missie eenvoudig geweest: onze gebruikers eenvoudige, betrouwbare en kwalitatieve toegang bieden tot een breed scala aan tv-kanalen en streaming-inhoud, waar ook ter wereld. Waarom kiezen voor Tonic IPTV? Brede selectie aan inhoud: van livekanalen tot films op aanvraag, wij voorzien in al uw entertainmentbehoeften. HD-kwaliteit en betrouwbaarheid: Geniet van ononderbroken streaming met high-definition beeldkwaliteit. Toegewijde klantenondersteuning: ons team staat klaar om u bij elke stap te helpen, of het nu gaat om de installatie, het beheren van uw abonnement of eventuele technische vragen. Onze visie Wij geloven in een moderne entertainmentervaring, waarbij keuzevrijheid en gebruiksgemak centraal staan. Met Tonic IPTV heeft u toegang tot uw favoriete programma&#039;s zonder het gedoe van dure abonnementen of ingewikkelde installaties.v Onze toewijding Bij Tonic IPTV zijn we er trots op dat we kwaliteitsservice bieden, terwijl we ons houden aan de beveiligings- en veiligheidsnormen. Onze oplossingen zijn ontworpen om een naadloze gebruikerservaring te bieden, of u nu een televisie, computer of mobiel apparaat gebruikt.<\/p>","protected":false},"author":1,"featured_media":0,"parent":0,"menu_order":0,"comment_status":"closed","ping_status":"closed","template":"elementor_canvas","meta":{"_joinchat":[],"footnotes":""},"class_list":["post-747","page","type-page","status-publish","hentry"],"yoast_head":"<!-- This site is optimized with the Yoast SEO plugin v27.1.1 - https:\/\/yoast.com\/product\/yoast-seo-wordpress\/ -->\n<title>\u00c0 propos de nous - Tonic IPTV<\/title>\n<meta name=\"robots\" content=\"index, follow, max-snippet:-1, max-image-preview:large, max-video-preview:-1\" \/>\n<link rel=\"canonical\" href=\"https:\/\/toniciptv.com\/nl\/a-propos\/\" \/>\n<meta property=\"og:locale\" content=\"nl_NL\" \/>\n<meta property=\"og:type\" content=\"article\" \/>\n<meta property=\"og:title\" content=\"\u00c0 propos de nous - Tonic IPTV\" \/>\n<meta property=\"og:description\" content=\"\u00c0 propos de nous Accueil &#8211; \u00c0 propos de nous Bienvenue chez Tonic IPTV, votre fournisseur de solutions IPTV de premier choix. Depuis notre lancement, notre mission est simple : offrir \u00e0 nos utilisateurs un acc\u00e8s facile, fiable et de qualit\u00e9 \u00e0 une large gamme de cha\u00eenes de t\u00e9l\u00e9vision et de contenus en streaming, partout dans le monde. Pourquoi Choisir Tonic IPTV ? Large S\u00e9lection de Contenus : Des cha\u00eenes en direct aux films \u00e0 la demande, nous couvrons tous vos besoins de divertissement. Qualit\u00e9 HD &amp; Fiabilit\u00e9 : Profitez d&rsquo;une diffusion en continu sans interruption, avec une qualit\u00e9 d&rsquo;image en haute d\u00e9finition. Support Client D\u00e9di\u00e9 : Notre \u00e9quipe est l\u00e0 pour vous aider \u00e0 chaque \u00e9tape, que ce soit pour l\u2019installation, la gestion de votre abonnement, ou toute question technique. Notre Vision Nous croyons en une exp\u00e9rience de divertissement moderne, o\u00f9 la libert\u00e9 de choix et la simplicit\u00e9 d\u2019utilisation sont au c\u0153ur de tout. Avec Tonic IPTV, vous pouvez acc\u00e9der \u00e0 vos programmes pr\u00e9f\u00e9r\u00e9s sans les tracas des abonnements co\u00fbteux ou des installations compliqu\u00e9es.v Notre Engagement Chez Tonic IPTV, nous mettons un point d\u2019honneur \u00e0 fournir un service de qualit\u00e9 tout en respectant les normes de s\u00e9curit\u00e9 et de confidentialit\u00e9. Nos solutions sont con\u00e7ues pour offrir une exp\u00e9rience utilisateur fluide, que vous utilisiez une t\u00e9l\u00e9vision, un ordinateur, ou un appareil mobile.\" \/>\n<meta property=\"og:url\" content=\"https:\/\/toniciptv.com\/nl\/a-propos\/\" \/>\n<meta property=\"og:site_name\" content=\"Tonic IPTV\" \/>\n<meta property=\"article:modified_time\" content=\"2024-09-15T07:26:07+00:00\" \/>\n<meta property=\"og:image\" content=\"https:\/\/toniciptv.com\/wp-content\/uploads\/2023\/06\/man-choosing-movie-for-streaming-on-tablet-1024x683.jpg\" \/>\n<meta name=\"twitter:card\" content=\"summary_large_image\" \/>\n<meta name=\"twitter:label1\" content=\"Geschatte leestijd\" \/>\n\t<meta name=\"twitter:data1\" content=\"1 minuut\" \/>\n<script type=\"application\/ld+json\" class=\"yoast-schema-graph\">{\"@context\":\"https:\/\/schema.org\",\"@graph\":[{\"@type\":\"WebPage\",\"@id\":\"https:\/\/toniciptv.com\/nl\/a-propos\/\",\"url\":\"https:\/\/toniciptv.com\/nl\/a-propos\/\",\"name\":\"\u00c0 propos de nous - Tonic IPTV\",\"isPartOf\":{\"@id\":\"https:\/\/toniciptv.com\/#website\"},\"primaryImageOfPage\":{\"@id\":\"https:\/\/toniciptv.com\/nl\/a-propos\/#primaryimage\"},\"image\":{\"@id\":\"https:\/\/toniciptv.com\/nl\/a-propos\/#primaryimage\"},\"thumbnailUrl\":\"https:\/\/toniciptv.com\/wp-content\/uploads\/2023\/06\/man-choosing-movie-for-streaming-on-tablet-1024x683.jpg\",\"datePublished\":\"2023-04-07T08:47:42+00:00\",\"dateModified\":\"2024-09-15T07:26:07+00:00\",\"breadcrumb\":{\"@id\":\"https:\/\/toniciptv.com\/nl\/a-propos\/#breadcrumb\"},\"inLanguage\":\"nl-NL\",\"potentialAction\":[{\"@type\":\"ReadAction\",\"target\":[\"https:\/\/toniciptv.com\/nl\/a-propos\/\"]}]},{\"@type\":\"ImageObject\",\"inLanguage\":\"nl-NL\",\"@id\":\"https:\/\/toniciptv.com\/nl\/a-propos\/#primaryimage\",\"url\":\"https:\/\/toniciptv.com\/wp-content\/uploads\/2023\/06\/man-choosing-movie-for-streaming-on-tablet-1024x683.jpg\",\"contentUrl\":\"https:\/\/toniciptv.com\/wp-content\/uploads\/2023\/06\/man-choosing-movie-for-streaming-on-tablet-1024x683.jpg\"},{\"@type\":\"BreadcrumbList\",\"@id\":\"https:\/\/toniciptv.com\/nl\/a-propos\/#breadcrumb\",\"itemListElement\":[{\"@type\":\"ListItem\",\"position\":1,\"name\":\"Accueil\",\"item\":\"https:\/\/toniciptv.com\/\"},{\"@type\":\"ListItem\",\"position\":2,\"name\":\"\u00c0 propos de nous\"}]},{\"@type\":\"WebSite\",\"@id\":\"https:\/\/toniciptv.com\/#website\",\"url\":\"https:\/\/toniciptv.com\/\",\"name\":\"Tonic IPTV\",\"description\":\"Meilleur Abonnement IPTV en France 2026\",\"publisher\":{\"@id\":\"https:\/\/toniciptv.com\/#organization\"},\"potentialAction\":[{\"@type\":\"SearchAction\",\"target\":{\"@type\":\"EntryPoint\",\"urlTemplate\":\"https:\/\/toniciptv.com\/?s={search_term_string}\"},\"query-input\":{\"@type\":\"PropertyValueSpecification\",\"valueRequired\":true,\"valueName\":\"search_term_string\"}}],\"inLanguage\":\"nl-NL\"},{\"@type\":\"Organization\",\"@id\":\"https:\/\/toniciptv.com\/#organization\",\"name\":\"Tonic IPTV\",\"url\":\"https:\/\/toniciptv.com\/\",\"logo\":{\"@type\":\"ImageObject\",\"inLanguage\":\"nl-NL\",\"@id\":\"https:\/\/toniciptv.com\/#\/schema\/logo\/image\/\",\"url\":\"https:\/\/toniciptv.com\/wp-content\/uploads\/2024\/09\/cropped-ICON-toniclo-192x192-1.png\",\"contentUrl\":\"https:\/\/toniciptv.com\/wp-content\/uploads\/2024\/09\/cropped-ICON-toniclo-192x192-1.png\",\"width\":192,\"height\":192,\"caption\":\"Tonic IPTV\"},\"image\":{\"@id\":\"https:\/\/toniciptv.com\/#\/schema\/logo\/image\/\"}}]}<\/script>\n<!-- \/ Yoast SEO plugin. -->","yoast_head_json":{"title":"Over ons - Tonic IPTV","robots":{"index":"index","follow":"follow","max-snippet":"max-snippet:-1","max-image-preview":"max-image-preview:large","max-video-preview":"max-video-preview:-1"},"canonical":"https:\/\/toniciptv.com\/nl\/a-propos\/","og_locale":"nl_NL","og_type":"article","og_title":"\u00c0 propos de nous - Tonic IPTV","og_description":"\u00c0 propos de nous Accueil &#8211; \u00c0 propos de nous Bienvenue chez Tonic IPTV, votre fournisseur de solutions IPTV de premier choix. Depuis notre lancement, notre mission est simple : offrir \u00e0 nos utilisateurs un acc\u00e8s facile, fiable et de qualit\u00e9 \u00e0 une large gamme de cha\u00eenes de t\u00e9l\u00e9vision et de contenus en streaming, partout dans le monde. Pourquoi Choisir Tonic IPTV ? Large S\u00e9lection de Contenus : Des cha\u00eenes en direct aux films \u00e0 la demande, nous couvrons tous vos besoins de divertissement. Qualit\u00e9 HD &amp; Fiabilit\u00e9 : Profitez d&rsquo;une diffusion en continu sans interruption, avec une qualit\u00e9 d&rsquo;image en haute d\u00e9finition. Support Client D\u00e9di\u00e9 : Notre \u00e9quipe est l\u00e0 pour vous aider \u00e0 chaque \u00e9tape, que ce soit pour l\u2019installation, la gestion de votre abonnement, ou toute question technique. Notre Vision Nous croyons en une exp\u00e9rience de divertissement moderne, o\u00f9 la libert\u00e9 de choix et la simplicit\u00e9 d\u2019utilisation sont au c\u0153ur de tout. Avec Tonic IPTV, vous pouvez acc\u00e9der \u00e0 vos programmes pr\u00e9f\u00e9r\u00e9s sans les tracas des abonnements co\u00fbteux ou des installations compliqu\u00e9es.v Notre Engagement Chez Tonic IPTV, nous mettons un point d\u2019honneur \u00e0 fournir un service de qualit\u00e9 tout en respectant les normes de s\u00e9curit\u00e9 et de confidentialit\u00e9. Nos solutions sont con\u00e7ues pour offrir une exp\u00e9rience utilisateur fluide, que vous utilisiez une t\u00e9l\u00e9vision, un ordinateur, ou un appareil mobile.","og_url":"https:\/\/toniciptv.com\/nl\/a-propos\/","og_site_name":"Tonic IPTV","article_modified_time":"2024-09-15T07:26:07+00:00","og_image":[{"url":"https:\/\/toniciptv.com\/wp-content\/uploads\/2023\/06\/man-choosing-movie-for-streaming-on-tablet-1024x683.jpg","type":"","width":"","height":""}],"twitter_card":"summary_large_image","twitter_misc":{"Geschatte leestijd":"1 minuut"},"schema":{"@context":"https:\/\/schema.org","@graph":[{"@type":"WebPage","@id":"https:\/\/toniciptv.com\/nl\/a-propos\/","url":"https:\/\/toniciptv.com\/nl\/a-propos\/","name":"Over ons - Tonic IPTV","isPartOf":{"@id":"https:\/\/toniciptv.com\/#website"},"primaryImageOfPage":{"@id":"https:\/\/toniciptv.com\/nl\/a-propos\/#primaryimage"},"image":{"@id":"https:\/\/toniciptv.com\/nl\/a-propos\/#primaryimage"},"thumbnailUrl":"https:\/\/toniciptv.com\/wp-content\/uploads\/2023\/06\/man-choosing-movie-for-streaming-on-tablet-1024x683.jpg","datePublished":"2023-04-07T08:47:42+00:00","dateModified":"2024-09-15T07:26:07+00:00","breadcrumb":{"@id":"https:\/\/toniciptv.com\/nl\/a-propos\/#breadcrumb"},"inLanguage":"nl-NL","potentialAction":[{"@type":"ReadAction","target":["https:\/\/toniciptv.com\/nl\/a-propos\/"]}]},{"@type":"ImageObject","inLanguage":"nl-NL","@id":"https:\/\/toniciptv.com\/nl\/a-propos\/#primaryimage","url":"https:\/\/toniciptv.com\/wp-content\/uploads\/2023\/06\/man-choosing-movie-for-streaming-on-tablet-1024x683.jpg","contentUrl":"https:\/\/toniciptv.com\/wp-content\/uploads\/2023\/06\/man-choosing-movie-for-streaming-on-tablet-1024x683.jpg"},{"@type":"BreadcrumbList","@id":"https:\/\/toniciptv.com\/nl\/a-propos\/#breadcrumb","itemListElement":[{"@type":"ListItem","position":1,"name":"Accueil","item":"https:\/\/toniciptv.com\/"},{"@type":"ListItem","position":2,"name":"\u00c0 propos de nous"}]},{"@type":"WebSite","@id":"https:\/\/toniciptv.com\/#website","url":"https:\/\/toniciptv.com\/","name":"Tonische IPTV","description":"Meilleur Abonnement IPTV en France 2026","publisher":{"@id":"https:\/\/toniciptv.com\/#organization"},"potentialAction":[{"@type":"SearchAction","target":{"@type":"EntryPoint","urlTemplate":"https:\/\/toniciptv.com\/?s={search_term_string}"},"query-input":{"@type":"PropertyValueSpecification","valueRequired":true,"valueName":"search_term_string"}}],"inLanguage":"nl-NL"},{"@type":"Organization","@id":"https:\/\/toniciptv.com\/#organization","name":"Tonische IPTV","url":"https:\/\/toniciptv.com\/","logo":{"@type":"ImageObject","inLanguage":"nl-NL","@id":"https:\/\/toniciptv.com\/#\/schema\/logo\/image\/","url":"https:\/\/toniciptv.com\/wp-content\/uploads\/2024\/09\/cropped-ICON-toniclo-192x192-1.png","contentUrl":"https:\/\/toniciptv.com\/wp-content\/uploads\/2024\/09\/cropped-ICON-toniclo-192x192-1.png","width":192,"height":192,"caption":"Tonic IPTV"},"image":{"@id":"https:\/\/toniciptv.com\/#\/schema\/logo\/image\/"}}]}},"_links":{"self":[{"href":"https:\/\/toniciptv.com\/nl\/wp-json\/wp\/v2\/pages\/747","targetHints":{"allow":["GET"]}}],"collection":[{"href":"https:\/\/toniciptv.com\/nl\/wp-json\/wp\/v2\/pages"}],"about":[{"href":"https:\/\/toniciptv.com\/nl\/wp-json\/wp\/v2\/types\/page"}],"author":[{"embeddable":true,"href":"https:\/\/toniciptv.com\/nl\/wp-json\/wp\/v2\/users\/1"}],"replies":[{"embeddable":true,"href":"https:\/\/toniciptv.com\/nl\/wp-json\/wp\/v2\/comments?post=747"}],"version-history":[{"count":0,"href":"https:\/\/toniciptv.com\/nl\/wp-json\/wp\/v2\/pages\/747\/revisions"}],"wp:attachment":[{"href":"https:\/\/toniciptv.com\/nl\/wp-json\/wp\/v2\/media?parent=747"}],"curies":[{"name":"wp","href":"https:\/\/api.w.org\/{rel}","templated":true}]}}